{"id":709,"date":"2021-05-05T01:39:01","date_gmt":"2021-05-05T01:39:01","guid":{"rendered":"http:\/\/cecchisites.com\/wazzbetter.com\/AdA\/?post_type=product&#038;p=709"},"modified":"2021-05-13T22:44:33","modified_gmt":"2021-05-13T22:44:33","slug":"van-goghterrazza-del-caffe-la-sera","status":"publish","type":"product","link":"http:\/\/cecchisites.com\/wazzbetter.com\/AdA\/product\/van-goghterrazza-del-caffe-la-sera\/","title":{"rendered":"Van Gogh<br>Terrazza del caff\u00e8 la sera"},"content":{"rendered":"","protected":false},"excerpt":{"rendered":"<p>Terrazza del caff\u00e8 la sera, Place du Forum ad Arles, \u00e8 un dipinto del pittore olandese Vincent van Gogh, realizzato nel 1888 e conservato al Museo Kr\u00f6ller-M\u00fcller di Otterlo.<\/p>\n","protected":false},"featured_media":713,"template":"","meta":{"_coblocks_attr":"","_coblocks_dimensions":"","_coblocks_responsive_height":"","_coblocks_accordion_ie_support":"","hide_page_title":""},"_links":{"self":[{"href":"http:\/\/cecchisites.com\/wazzbetter.com\/AdA\/wp-json\/wp\/v2\/product\/709"}],"collection":[{"href":"http:\/\/cecchisites.com\/wazzbetter.com\/AdA\/wp-json\/wp\/v2\/product"}],"about":[{"href":"http:\/\/cecchisites.com\/wazzbetter.com\/AdA\/wp-json\/wp\/v2\/types\/product"}],"wp:featuredmedia":[{"embeddable":true,"href":"http:\/\/cecchisites.com\/wazzbetter.com\/AdA\/wp-json\/wp\/v2\/media\/713"}],"wp:attachment":[{"href":"http:\/\/cecchisites.com\/wazzbetter.com\/AdA\/wp-json\/wp\/v2\/media?parent=709"}],"curies":[{"name":"wp","href":"https:\/\/api.w.org\/{rel}","templated":true}]}}