{"id":183,"date":"2021-04-05T09:43:39","date_gmt":"2021-04-05T09:43:39","guid":{"rendered":"http:\/\/cecchisites.com\/wazzbetter.com\/AdA\/?post_type=product&#038;p=183"},"modified":"2021-05-15T00:08:19","modified_gmt":"2021-05-15T00:08:19","slug":"botticelli-le-tre-grazie","status":"publish","type":"product","link":"http:\/\/cecchisites.com\/wazzbetter.com\/AdA\/product\/botticelli-le-tre-grazie\/","title":{"rendered":"Botticelli<br>Le tre grazie"},"content":{"rendered":"","protected":false},"excerpt":{"rendered":"<p>La Primavera, particolare delle tre Grazie danzanti, \u00e8 un dipinto a tempera su tavola attribuito a Sandro Botticelli datato 1482, attualmente \u00e8 conservato a Chantilly, Museo Cond\u00e9.<\/p>\n","protected":false},"featured_media":186,"template":"","meta":{"_coblocks_attr":"","_coblocks_dimensions":"","_coblocks_responsive_height":"","_coblocks_accordion_ie_support":"","hide_page_title":""},"_links":{"self":[{"href":"http:\/\/cecchisites.com\/wazzbetter.com\/AdA\/wp-json\/wp\/v2\/product\/183"}],"collection":[{"href":"http:\/\/cecchisites.com\/wazzbetter.com\/AdA\/wp-json\/wp\/v2\/product"}],"about":[{"href":"http:\/\/cecchisites.com\/wazzbetter.com\/AdA\/wp-json\/wp\/v2\/types\/product"}],"wp:featuredmedia":[{"embeddable":true,"href":"http:\/\/cecchisites.com\/wazzbetter.com\/AdA\/wp-json\/wp\/v2\/media\/186"}],"wp:attachment":[{"href":"http:\/\/cecchisites.com\/wazzbetter.com\/AdA\/wp-json\/wp\/v2\/media?parent=183"}],"curies":[{"name":"wp","href":"https:\/\/api.w.org\/{rel}","templated":true}]}}